{"id":7076,"date":"2019-04-25T13:40:44","date_gmt":"2019-04-25T11:40:44","guid":{"rendered":"https:\/\/www.auktionshaus-geble.de\/service\/kataloge\/"},"modified":"2019-06-26T10:00:36","modified_gmt":"2019-06-26T08:00:36","slug":"kataloge","status":"publish","type":"page","link":"https:\/\/www.auktionshaus-geble.de\/en\/service\/kataloge\/","title":{"rendered":"Kataloge"},"content":{"rendered":"<section class=\"l-section wpb_row height_medium\"><div class=\"l-section-h i-cf\"><div class=\"g-cols vc_row type_default valign_top\"><div class=\"vc_col-sm-12 wpb_column vc_column_container\"><div class=\"vc_column-inner\"><div class=\"wpb_wrapper\"><div class=\"wpb_text_column\" ><div class=\"wpb_wrapper\"><h1 class=\"paddingglobal\">Informationen zu unserem Katalog<\/h1>\n<div class=\"paddingglobal\"><\/div>\n<\/div><\/div><\/div><\/div><\/div><\/div><\/div><\/section><section class=\"l-section wpb_row us_custom_eca34b93 height_medium\"><div class=\"l-section-h i-cf\"><div class=\"g-cols vc_row type_default valign_top\"><div class=\"vc_col-sm-12 wpb_column vc_column_container\"><div class=\"vc_column-inner\"><div class=\"wpb_wrapper\"><div class=\"wpb_text_column\" ><div class=\"wpb_wrapper\"><h4><strong>Der Katalogversand<\/strong><\/h4>\n<p>Der Katalog wird in Papierform und als Online-Katalog auf unserer Homepage angeboten und beinhaltet neben allgemeinen Informationen in Deutsch und Englisch eine detaillierte Katalogbeschreibung mit zahlreichen Farbabbildungen. Dar\u00fcber hinaus arbeiten wir mit dem Auktionsportal lot-tissimo zusammen um eine gr\u00f6\u00dftm\u00f6gliche Interessen-Gruppe zu erreichen.<\/p>\n<p>Wir versuchen die einzelnen Objekte detailgenau und mit besten Wissen und Gewissen zu beschreiben. Darin enthalten sind Angaben \u00fcber den Erhaltungszustand und die kunsthistorische Einordnung, sowie gegebenenfalls Angaben zum K\u00fcnstler.<\/p>\n<h4><strong>Interessieren Sie sich f\u00fcr unseren Papierkatalog?<\/strong><\/h4>\n<p><a title=\"Katalogbestellung\" href=\"https:\/\/www.auktionshaus-geble.de\/en\/service\/catalog-order\/\">Sie k\u00f6nnen Ihn hier bestellen<\/a> oder telefonisch mit uns Kontakt unter dr Nummer: +49 &#8211; (0) 7732 &#8211; 97 11 97 aufnehmen.<\/p>\n<p><strong>Einzelbestellung:<\/strong><br \/>\nFarbkatalog (Vorkasse): 10,-\u20ac<\/p>\n<p><strong>Katalog-Abonnement pro Jahr:<\/strong><br \/>\nDeutschland: 20,-\u20ac<br \/>\nEU: 30,-\u20ac<br \/>\nAmerika\/ Asien\/ Afrika\/ Australien: 40,-\u20ac<\/p>\n<p>Falls Sie zu einem Objekt unseres Katalogs zus\u00e4tzliche Informationen oder einen Zustandsbericht w\u00fcnschen, so\u00a0<a title=\"Kontakt\" href=\"https:\/\/www.auktionshaus-geble.de\/en\/contact\/\">senden Sie uns bitte eine Email mit Ihren Fragen zu.<\/a><\/p>\n<h4>Online Katalog<\/h4>\n<p>Auf den folgenden Seiten finden Sie unseren Online-Katalog. Registrierte Nutzer k\u00f6nnen verschiedene Objekte in Ihrem Kundenkonto verwalten, d.h. Sie k\u00f6nnen das Objekt Ihrer Wahl lediglich auf einen Merkzettel oder auf eine Gebots\u00fcbersicht setzen, welche direkt an uns verschickt werden kann.<\/p>\n<p>Mit dem Online Gebot haben Sie den Vorteil einer bequemen Abgabe Ihres Gebots \u00fcber unsere Homepage.\u00a0<a title=\"Aktuelle Auktion\" href=\"\/auktion\/aktuelle-auktion\/\">Hierf\u00fcr m\u00fcssen Sie sich auf unserer Seite registrieren<\/a>.<\/p>\n<p><strong>Schriftlich oder online abgegebene Gebote m\u00fcssen mindestens 24 Stunden vor Auktionsbeginn vorliegen!<\/strong><\/p>\n<p>Zudem bieten wir Ihnen hier unseren\u00a0<a href=\"https:\/\/www.auktionshaus-geble.de\/en\/auction\/catalog-pdf\/\">Printkatalog digital in 3D-Ansicht an<\/a>. Durch die Unterteilung in einzelne Sparten k\u00f6nnen Sie Ihr Interessengebiet gezielt aussuchen.<\/p>\n<\/div><\/div><\/div><\/div><\/div><\/div><\/div><\/section><section class=\"l-section wpb_row us_custom_3359c25b height_medium blocknopadding with_overlay\"><div class=\"l-section-overlay\" style=\"background: #f1f1f1\"><\/div><div class=\"l-section-h i-cf\"><div class=\"g-cols vc_row type_default valign_top\"><div class=\"vc_col-sm-12 wpb_column vc_column_container\"><div class=\"vc_column-inner\"><div class=\"wpb_wrapper\"><section class=\"l-section wpb_row height_medium teaserblockfooter\"><div class=\"l-section-h i-cf\"><div class=\"g-cols vc_row type_default valign_top\"><div class=\"vc_col-sm-4 wpb_column vc_column_container\"><div class=\"vc_column-inner\"><div class=\"wpb_wrapper\"><div class=\"w-image align_center animate_fade\"><a href=\"\/auktion\/auktion-aktuell\/\" aria-label=\"Link\" class=\"w-image-h\"><img loading=\"lazy\" decoding=\"async\" width=\"400\" height=\"240\" src=\"https:\/\/www.auktionshaus-geble.de\/wp-content\/uploads\/teaser-liveauktion.jpg\" class=\"attachment-full size-full\" alt=\"\" srcset=\"https:\/\/www.auktionshaus-geble.de\/wp-content\/uploads\/teaser-liveauktion.jpg 400w, https:\/\/www.auktionshaus-geble.de\/wp-content\/uploads\/teaser-liveauktion-300x180.jpg 300w\" sizes=\"auto, (max-width: 400px) 100vw, 400px\" \/><\/a><\/div><div class=\"w-separator size_custom\" style=\"height:20px\"><\/div><div class=\"wpb_text_column\" ><div class=\"wpb_wrapper\"><p>Finden Sie in unserem aktuellen Online-Katalog alle Lose der Auktion.<\/p>\n<\/div><\/div><div class=\"w-separator size_custom\" style=\"height:20px\"><\/div><div class=\"w-btn-wrapper width_auto align_center\"><a class=\"w-btn us-btn-style_1 icon_atleft\" href=\"\/auktion\/auktion-aktuell\/\"><i class=\"fas fa-book\"><\/i><span class=\"w-btn-label\">Zum Online-Katalog<\/span><\/a><\/div><\/div><\/div><\/div><div class=\"vc_col-sm-4 wpb_column vc_column_container\"><div class=\"vc_column-inner\"><div class=\"wpb_wrapper\"><div class=\"w-image align_center animate_fade\"><a href=\"\/auktion\/live-auktion\/\" aria-label=\"Link\" class=\"w-image-h\"><img loading=\"lazy\" decoding=\"async\" width=\"400\" height=\"240\" src=\"https:\/\/www.auktionshaus-geble.de\/wp-content\/uploads\/live-bieten.jpg\" class=\"attachment-full size-full\" alt=\"\" srcset=\"https:\/\/www.auktionshaus-geble.de\/wp-content\/uploads\/live-bieten.jpg 400w, https:\/\/www.auktionshaus-geble.de\/wp-content\/uploads\/live-bieten-300x180.jpg 300w\" sizes=\"auto, (max-width: 400px) 100vw, 400px\" \/><\/a><\/div><div class=\"w-separator size_custom\" style=\"height:20px\"><\/div><div class=\"wpb_text_column\" ><div class=\"wpb_wrapper\"><p>Sie k\u00f6nnen bei allen Auktionen live im Internet mitbieten.<\/p>\n<\/div><\/div><div class=\"w-separator size_custom\" style=\"height:20px\"><\/div><div class=\"w-btn-wrapper width_auto align_center\"><a class=\"w-btn us-btn-style_1 icon_atleft\" href=\"\/auktion\/live-auktion\/\"><i class=\"fas fa-gavel\"><\/i><span class=\"w-btn-label\">Live Bieten<\/span><\/a><\/div><\/div><\/div><\/div><div class=\"vc_col-sm-4 wpb_column vc_column_container\"><div class=\"vc_column-inner\"><div class=\"wpb_wrapper\"><div class=\"w-image align_center animate_fade\"><a target=\"_blank\" href=\"https:\/\/newsletter.auktionshaus-geble.de\/\" rel=\"noopener\" aria-label=\"Link\" class=\"w-image-h\"><img loading=\"lazy\" decoding=\"async\" width=\"400\" height=\"240\" src=\"https:\/\/www.auktionshaus-geble.de\/wp-content\/uploads\/newsletter-auktionshaus-geble.jpg\" class=\"attachment-full size-full\" alt=\"\" srcset=\"https:\/\/www.auktionshaus-geble.de\/wp-content\/uploads\/newsletter-auktionshaus-geble.jpg 400w, https:\/\/www.auktionshaus-geble.de\/wp-content\/uploads\/newsletter-auktionshaus-geble-300x180.jpg 300w\" sizes=\"auto, (max-width: 400px) 100vw, 400px\" \/><\/a><\/div><div class=\"w-separator size_custom\" style=\"height:20px\"><\/div><div class=\"wpb_text_column\" ><div class=\"wpb_wrapper\"><p>Bleiben Sie mit unserem Newsletter immer informiert.<\/p>\n<\/div><\/div><div class=\"w-separator size_custom\" style=\"height:20px\"><\/div><div class=\"w-btn-wrapper width_auto align_center\"><a class=\"w-btn us-btn-style_1 icon_atleft\" target=\"_blank\" rel=\"nofollow noopener\" href=\"https:\/\/newsletter.auktionshaus-geble.de\/\"><i class=\"fas fa-envelope-open\"><\/i><span class=\"w-btn-label\">Newsletter<\/span><\/a><\/div><\/div><\/div><\/div><\/div><\/div><\/section>\n<\/div><\/div><\/div><\/div><\/div><\/section><section class=\"l-section wpb_row us_custom_3b4c3cf8 height_medium blocknopadding\"><div class=\"l-section-h i-cf\"><div class=\"g-cols vc_row type_default valign_top\"><div class=\"vc_col-sm-12 wpb_column vc_column_container\"><div class=\"vc_column-inner\"><div class=\"wpb_wrapper\"><section class=\"l-section wpb_row height_medium\"><div class=\"l-section-h i-cf\"><div class=\"g-cols vc_row type_default valign_top\"><div class=\"vc_col-sm-12 wpb_column vc_column_container\"><div class=\"vc_column-inner\"><div class=\"wpb_wrapper\"><div class=\"wpb_text_column\" ><div class=\"wpb_wrapper\"><h3>Sie haben Fragen?<\/h3>\n<\/div><\/div><div class=\"w-separator size_custom\" style=\"height:40px\"><\/div><\/div><\/div><\/div><\/div><\/div><\/section><section class=\"l-section wpb_row height_medium\"><div class=\"l-section-h i-cf\"><div class=\"g-cols vc_row type_default valign_top\"><div class=\"vc_col-sm-8 vc_col-lg-8 vc_col-md-7 wpb_column vc_column_container\"><div class=\"vc_column-inner\"><div class=\"wpb_wrapper\">\n<div class=\"wpcf7 no-js\" id=\"wpcf7-f6-o1\" lang=\"de-DE\" dir=\"ltr\" data-wpcf7-id=\"6\">\n<div class=\"screen-reader-response\"><p role=\"status\" aria-live=\"polite\" aria-atomic=\"true\"><\/p> <ul><\/ul><\/div>\n<form action=\"\/en\/wp-json\/wp\/v2\/pages\/7076#wpcf7-f6-o1\" method=\"post\" class=\"wpcf7-form init wpcf7-acceptance-as-validation\" aria-label=\"Kontaktformular\" novalidate=\"novalidate\" data-status=\"init\">\n<fieldset class=\"hidden-fields-container\"><input type=\"hidden\" name=\"_wpcf7\" value=\"6\" \/><input type=\"hidden\" name=\"_wpcf7_version\" value=\"6.1.5\" \/><input type=\"hidden\" name=\"_wpcf7_locale\" value=\"de_DE\" \/><input type=\"hidden\" name=\"_wpcf7_unit_tag\" value=\"wpcf7-f6-o1\" \/><input type=\"hidden\" name=\"_wpcf7_container_post\" value=\"0\" \/><input type=\"hidden\" name=\"_wpcf7_posted_data_hash\" value=\"\" \/>\n<\/fieldset>\n<p><span class=\"wpcf7-form-control-wrap\" data-name=\"anrede\"><span class=\"wpcf7-form-control wpcf7-radio\"><span class=\"wpcf7-list-item first\"><input type=\"radio\" name=\"anrede\" value=\"Herr\" checked=\"checked\" \/><span class=\"wpcf7-list-item-label\">Herr<\/span><\/span><span class=\"wpcf7-list-item last\"><input type=\"radio\" name=\"anrede\" value=\"Frau\" \/><span class=\"wpcf7-list-item-label\">Frau<\/span><\/span><\/span><\/span><br \/>\n<span class=\"wpcf7-form-control-wrap\" data-name=\"vorname\"><input size=\"40\" maxlength=\"400\" class=\"wpcf7-form-control wpcf7-text wpcf7-validates-as-required\" aria-required=\"true\" aria-invalid=\"false\" placeholder=\"Vorname\" value=\"\" type=\"text\" name=\"vorname\" \/><\/span><br \/>\n<span class=\"wpcf7-form-control-wrap\" data-name=\"nachname\"><input size=\"40\" maxlength=\"400\" class=\"wpcf7-form-control wpcf7-text wpcf7-validates-as-required\" aria-required=\"true\" aria-invalid=\"false\" placeholder=\"Nachname\" value=\"\" type=\"text\" name=\"nachname\" \/><\/span><br \/>\n<span class=\"wpcf7-form-control-wrap\" data-name=\"anschrift\"><input size=\"40\" maxlength=\"400\" class=\"wpcf7-form-control wpcf7-text wpcf7-validates-as-required\" aria-required=\"true\" aria-invalid=\"false\" placeholder=\"Anschrift\" value=\"\" type=\"text\" name=\"anschrift\" \/><\/span><br \/>\n<span class=\"wpcf7-form-control-wrap\" data-name=\"plzort\"><input size=\"40\" maxlength=\"400\" class=\"wpcf7-form-control wpcf7-text wpcf7-validates-as-required\" aria-required=\"true\" aria-invalid=\"false\" placeholder=\"PLZ \/ Ort\" value=\"\" type=\"text\" name=\"plzort\" \/><\/span><br \/>\n<span class=\"wpcf7-form-control-wrap\" data-name=\"email-adresse\"><input size=\"40\" maxlength=\"400\" class=\"wpcf7-form-control wpcf7-email wpcf7-validates-as-required wpcf7-text wpcf7-validates-as-email\" aria-required=\"true\" aria-invalid=\"false\" placeholder=\"Ihre E-Mail-Adresse\" value=\"\" type=\"email\" name=\"email-adresse\" \/><\/span><br \/>\n<span class=\"wpcf7-form-control-wrap\" data-name=\"nachricht\"><textarea cols=\"40\" rows=\"10\" maxlength=\"2000\" class=\"wpcf7-form-control wpcf7-textarea wpcf7-validates-as-required\" aria-required=\"true\" aria-invalid=\"false\" placeholder=\"Ihre Nachricht\" name=\"nachricht\"><\/textarea><\/span>\n<\/p>\n<p><span class=\"wpcf7-form-control-wrap\" data-name=\"accept-this-1\"><span class=\"wpcf7-form-control wpcf7-acceptance\"><span class=\"wpcf7-list-item\"><label><input type=\"checkbox\" name=\"accept-this-1\" value=\"1\" aria-invalid=\"false\" \/><span class=\"wpcf7-list-item-label\">Ich habe die Datenschutzerkl\u00e4rung zur Kenntnis genommen. Ich stimme zu, dass meine Angaben zur Kontaktaufnahme und f\u00fcr R\u00fcckfragen dauerhaft gespeichert werden.\nHinweis: Sie k\u00f6nnen Ihre Einwilligung jederzeit f\u00fcr die Zukunft per Mail an info@auktionshaus-geble.de widerrufen.<\/span><\/label><\/span><\/span><\/span>\n<\/p>\n<p><span class=\"wpcf7-form-control-wrap kc_captcha\" data-name=\"kc_captcha\"><span class=\"wpcf7-form-control wpcf7-radio\"><span class=\"captcha-image\" ><span class=\"cf7ic_instructions\">Bitte beweise, dass du kein Spambot bist und w\u00e4hle das Symbol<span> Auto<\/span>.<\/span><label><input aria-label=\"1\" type=\"radio\" name=\"kc_captcha\" value=\"bot\" \/><svg aria-hidden=\"true\" role=\"img\" xmlns=\"http:\/\/www.w3.org\/2000\/svg\" viewBox=\"0 0 576 512\"><path fill=\"currentColor\" d=\"M259 18l-65 132-146 22c-26 3-37 36-18 54l106 103-25 146c-5 26 23 46 46 33l131-68 131 68c23 13 51-7 46-33l-25-146 106-103c19-18 8-51-18-54l-146-22-65-132a32 32 0 00-58 0z\"\/><\/svg><\/label><label><input aria-label=\"2\" type=\"radio\" name=\"kc_captcha\" value=\"kc_human\" \/><svg aria-hidden=\"true\" role=\"img\" xmlns=\"http:\/\/www.w3.org\/2000\/svg\" viewBox=\"0 0 512 512\"><path fill=\"currentColor\" d=\"M500 168h-55l-8-21a127 127 0 00-120-83H195a127 127 0 00-120 83l-8 21H12c-8 0-14 8-11 16l8 24a12 12 0 0011 8h29a64 64 0 00-33 56v48c0 16 6 31 16 42v62c0 13 11 24 24 24h48c13 0 24-11 24-24v-40h256v40c0 13 11 24 24 24h48c13 0 24-11 24-24v-62c10-11 16-26 16-42v-48c0-24-13-45-33-56h29a12 12 0 0011-8l8-24c3-8-3-16-11-16zm-365 2c9-25 33-42 60-42h122c27 0 51 17 60 42l15 38H120l15-38zM88 328a32 32 0 010-64c18 0 48 30 48 48s-30 16-48 16zm336 0c-18 0-48 2-48-16s30-48 48-48 32 14 32 32-14 32-32 32z\"\/><\/svg><\/label><label><input aria-label=\"3\" type=\"radio\" name=\"kc_captcha\" value=\"bot\" \/><svg aria-hidden=\"true\" role=\"img\" xmlns=\"http:\/\/www.w3.org\/2000\/svg\" viewBox=\"0 0 512 512\"><path fill=\"currentColor\" d=\"M350 99c-54 0-98-35-166-35-25 0-47 4-68 12a56 56 0 004-24C118 24 95 1 66 0a56 56 0 00-34 102v386c0 13 11 24 24 24h16c13 0 24-11 24-24v-94c28-12 64-23 114-23 54 0 98 35 166 35 48 0 86-16 122-41 9-6 14-15 14-26V96c0-23-24-39-45-29-35 16-77 32-117 32z\"\/><\/svg><\/label>\r\n    <\/span>\r\n    <span style=\"display:none\">\r\n        <input type=\"text\" name=\"kc_honeypot\">\r\n    <\/span><\/span><\/span>\n<\/p>\n<p><input class=\"wpcf7-form-control wpcf7-submit has-spinner\" type=\"submit\" value=\"Nachricht senden\" \/>\n<\/p><div class=\"wpcf7-response-output\" aria-hidden=\"true\"><\/div>\n<\/form>\n<\/div>\n<\/div><\/div><\/div><div class=\"vc_col-sm-4 vc_col-lg-4 vc_col-md-5 wpb_column vc_column_container\"><div class=\"vc_column-inner\"><div class=\"wpb_wrapper\"><div class=\"w-separator size_custom\" style=\"height:50px\"><\/div><div class=\"w-iconbox iconpos_left style_default color_contrast align_left no_text\"><div class=\"w-iconbox-icon\" style=\"font-size:1.2rem;\"><i class=\"fas fa-home\"><\/i><\/div><div class=\"w-iconbox-meta\"><div class=\"w-iconbox-title\">Auktionshaus Geble<\/div><\/div><\/div><div class=\"w-separator size_custom\" style=\"height:24px\"><\/div><div class=\"w-iconbox iconpos_left style_default color_contrast align_left no_title\"><div class=\"w-iconbox-icon\" style=\"font-size:1.2rem;\"><i class=\"fas fa-map-marker-alt\"><\/i><\/div><div class=\"w-iconbox-meta\"><div class=\"w-iconbox-text\"><p>Sch\u00fctzenstr. 15<br \/>\n78315 Radolfzell<\/p>\n<\/div><\/div><\/div><div class=\"w-separator size_custom\" style=\"height:24px\"><\/div><div class=\"w-iconbox iconpos_left style_default color_contrast align_left no_text\"><div class=\"w-iconbox-icon\" style=\"font-size:1.2rem;\"><i class=\"fas fa-phone\"><\/i><\/div><div class=\"w-iconbox-meta\"><div class=\"w-iconbox-title\">+49 7732 971197<\/div><\/div><\/div><div class=\"w-separator size_custom\" style=\"height:24px\"><\/div><div class=\"w-iconbox iconpos_left style_default color_contrast align_left no_text\"><div class=\"w-iconbox-icon\" style=\"font-size:1.2rem;\"><i class=\"fas fa-fax\"><\/i><\/div><div class=\"w-iconbox-meta\"><div class=\"w-iconbox-title\">+49 7732 971198<\/div><\/div><\/div><div class=\"w-separator size_custom\" style=\"height:24px\"><\/div><div class=\"w-iconbox iconpos_left style_default color_contrast align_left no_text\"><div class=\"w-iconbox-icon\" style=\"font-size:1.2rem;\"><i class=\"fas fa-envelope\"><\/i><\/div><div class=\"w-iconbox-meta\"><div class=\"w-iconbox-title\">info@auktionshaus-geble.de<\/div><\/div><\/div><div class=\"w-separator size_custom\" style=\"height:24px\"><\/div><div class=\"w-iconbox iconpos_left style_default color_contrast align_left\"><div class=\"w-iconbox-icon\" style=\"font-size:1.2rem;\"><i class=\"fas fa-hand-point-right\"><\/i><\/div><div class=\"w-iconbox-meta\"><div class=\"w-iconbox-title\">\u00d6ffnungszeiten<\/div><div class=\"w-iconbox-text\"><p>Montag \u2013 Freitag: 9.00 \u2013 12.00 Uhr<br \/>\nNachmittags nach Vereinbarung<\/p>\n<\/div><\/div><\/div><\/div><\/div><\/div><\/div><\/div><\/section>\n<\/div><\/div><\/div><\/div><\/div><\/section><section class=\"l-section wpb_row height_medium width_full blocknopadding\"><div class=\"l-section-h i-cf\"><div class=\"g-cols vc_row type_default valign_top\"><div class=\"vc_col-sm-12 wpb_column vc_column_container\"><div class=\"vc_column-inner\"><div class=\"wpb_wrapper\"><section class=\"l-section wpb_row height_medium width_full\" id=\"gmapsection\"><div class=\"l-section-h i-cf\"><div class=\"g-cols vc_row type_default valign_top\"><div class=\"vc_col-sm-12 wpb_column vc_column_container\"><div class=\"vc_column-inner\"><div class=\"wpb_wrapper\"><div class=\"wpb_text_column\" ><div class=\"wpb_wrapper\"> <div class=\"brlbs-cmpnt-container brlbs-cmpnt-content-blocker brlbs-cmpnt-with-individual-styles\" data-borlabs-cookie-content-blocker-id=\"default\" data-borlabs-cookie-content=\"PGRpdiBpZD0iZ2VibGVtYXAiPjwvZGl2PjxzY3JpcHQgYXN5bmMgZGVmZXIgc3JjPSJodHRwczovL21hcHMuZ29vZ2xlYXBpcy5jb20vbWFwcy9hcGkvanM\/a2V5PUFJemFTeUI0TEREdVBwbkdJanAtdHJQNjJTNXQyaXhlQ3lmZjJMUSZjYWxsYmFjaz1pbml0TWFwIiB0eXBlPSJ0ZXh0L2phdmFzY3JpcHQiPjwvc2NyaXB0Pg==\"><div class=\"brlbs-cmpnt-cb-preset-a\"> <p class=\"brlbs-cmpnt-cb-description\">You are currently viewing a placeholder content from <strong>Default<\/strong>. To access the actual content, click the button below. Please note that doing so will share data with third-party providers.<\/p> <div class=\"brlbs-cmpnt-cb-buttons\"> <a class=\"brlbs-cmpnt-cb-btn\" href=\"#\" data-borlabs-cookie-unblock role=\"button\">Unblock content<\/a> <a class=\"brlbs-cmpnt-cb-btn\" href=\"#\" data-borlabs-cookie-accept-service role=\"button\" style=\"display: none\">Accept required service and unblock content<\/a> <\/div> <a class=\"brlbs-cmpnt-cb-provider-toggle\" href=\"#\" data-borlabs-cookie-show-provider-information role=\"button\">More Information<\/a> <\/div><\/div>\n<\/div><\/div><\/div><\/div><\/div><\/div><\/div><\/section>\n<\/div><\/div><\/div><\/div><\/div><\/section>\n","protected":false},"excerpt":{"rendered":"Informationen zu unserem Katalog Der Katalogversand Der Katalog wird in Papierform und als Online-Katalog auf unserer Homepage angeboten und beinhaltet neben allgemeinen Informationen in Deutsch und Englisch eine detaillierte Katalogbeschreibung mit zahlreichen Farbabbildungen. Dar\u00fcber hinaus arbeiten wir mit dem Auktionsportal lot-tissimo zusammen um eine gr\u00f6\u00dftm\u00f6gliche Interessen-Gruppe zu erreichen. Wir versuchen die einzelnen Objekte detailgenau und...","protected":false},"author":1,"featured_media":0,"parent":7057,"menu_order":0,"comment_status":"closed","ping_status":"open","template":"","meta":{"_acf_changed":false,"footnotes":""},"class_list":["post-7076","page","type-page","status-publish","hentry"],"acf":[],"yoast_head":"<!-- This site is optimized with the Yoast SEO plugin v27.5 - https:\/\/yoast.com\/product\/yoast-seo-wordpress\/ -->\n<title>Kataloge - Auktionshaus Geble<\/title>\n<meta name=\"robots\" content=\"noindex, follow\" \/>\n<meta property=\"og:locale\" content=\"en_US\" \/>\n<meta property=\"og:type\" content=\"article\" \/>\n<meta property=\"og:title\" content=\"Kataloge - Auktionshaus Geble\" \/>\n<meta property=\"og:url\" content=\"https:\/\/www.auktionshaus-geble.de\/en\/service\/kataloge\/\" \/>\n<meta property=\"og:site_name\" content=\"Auktionshaus Geble\" \/>\n<meta property=\"article:modified_time\" content=\"2019-06-26T08:00:36+00:00\" \/>\n<meta name=\"twitter:card\" content=\"summary_large_image\" \/>\n<meta name=\"twitter:label1\" content=\"Est. reading time\" \/>\n\t<meta name=\"twitter:data1\" content=\"2 minutes\" \/>\n<script type=\"application\/ld+json\" class=\"yoast-schema-graph\">{\"@context\":\"https:\\\/\\\/schema.org\",\"@graph\":[{\"@type\":\"WebPage\",\"@id\":\"https:\\\/\\\/www.auktionshaus-geble.de\\\/en\\\/service\\\/kataloge\\\/\",\"url\":\"https:\\\/\\\/www.auktionshaus-geble.de\\\/en\\\/service\\\/kataloge\\\/\",\"name\":\"Kataloge - Auktionshaus Geble\",\"isPartOf\":{\"@id\":\"https:\\\/\\\/www.auktionshaus-geble.de\\\/#website\"},\"datePublished\":\"2019-04-25T11:40:44+00:00\",\"dateModified\":\"2019-06-26T08:00:36+00:00\",\"breadcrumb\":{\"@id\":\"https:\\\/\\\/www.auktionshaus-geble.de\\\/en\\\/service\\\/kataloge\\\/#breadcrumb\"},\"inLanguage\":\"en-US\",\"potentialAction\":[{\"@type\":\"ReadAction\",\"target\":[\"https:\\\/\\\/www.auktionshaus-geble.de\\\/en\\\/service\\\/kataloge\\\/\"]}]},{\"@type\":\"BreadcrumbList\",\"@id\":\"https:\\\/\\\/www.auktionshaus-geble.de\\\/en\\\/service\\\/kataloge\\\/#breadcrumb\",\"itemListElement\":[{\"@type\":\"ListItem\",\"position\":1,\"name\":\"Startseite\",\"item\":\"https:\\\/\\\/www.auktionshaus-geble.de\\\/en\\\/\"},{\"@type\":\"ListItem\",\"position\":2,\"name\":\"Service\",\"item\":\"https:\\\/\\\/www.auktionshaus-geble.de\\\/en\\\/service\\\/\"},{\"@type\":\"ListItem\",\"position\":3,\"name\":\"Kataloge\"}]},{\"@type\":\"WebSite\",\"@id\":\"https:\\\/\\\/www.auktionshaus-geble.de\\\/#website\",\"url\":\"https:\\\/\\\/www.auktionshaus-geble.de\\\/\",\"name\":\"Auktionshaus Geble\",\"description\":\"Kunst und Antiquit\u00e4ten Auktionen Auktionshaus\",\"potentialAction\":[{\"@type\":\"SearchAction\",\"target\":{\"@type\":\"EntryPoint\",\"urlTemplate\":\"https:\\\/\\\/www.auktionshaus-geble.de\\\/en\\\/search\\\/{search_term}\"},\"query-input\":{\"@type\":\"PropertyValueSpecification\",\"valueRequired\":true,\"valueName\":\"search_term_string\"}}],\"inLanguage\":\"en-US\"}]}<\/script>\n<!-- \/ Yoast SEO plugin. -->","yoast_head_json":{"title":"Kataloge - Auktionshaus Geble","robots":{"index":"noindex","follow":"follow"},"og_locale":"en_US","og_type":"article","og_title":"Kataloge - Auktionshaus Geble","og_url":"https:\/\/www.auktionshaus-geble.de\/en\/service\/kataloge\/","og_site_name":"Auktionshaus Geble","article_modified_time":"2019-06-26T08:00:36+00:00","twitter_card":"summary_large_image","twitter_misc":{"Est. reading time":"2 minutes"},"schema":{"@context":"https:\/\/schema.org","@graph":[{"@type":"WebPage","@id":"https:\/\/www.auktionshaus-geble.de\/en\/service\/kataloge\/","url":"https:\/\/www.auktionshaus-geble.de\/en\/service\/kataloge\/","name":"Kataloge - Auktionshaus Geble","isPartOf":{"@id":"https:\/\/www.auktionshaus-geble.de\/#website"},"datePublished":"2019-04-25T11:40:44+00:00","dateModified":"2019-06-26T08:00:36+00:00","breadcrumb":{"@id":"https:\/\/www.auktionshaus-geble.de\/en\/service\/kataloge\/#breadcrumb"},"inLanguage":"en-US","potentialAction":[{"@type":"ReadAction","target":["https:\/\/www.auktionshaus-geble.de\/en\/service\/kataloge\/"]}]},{"@type":"BreadcrumbList","@id":"https:\/\/www.auktionshaus-geble.de\/en\/service\/kataloge\/#breadcrumb","itemListElement":[{"@type":"ListItem","position":1,"name":"Startseite","item":"https:\/\/www.auktionshaus-geble.de\/en\/"},{"@type":"ListItem","position":2,"name":"Service","item":"https:\/\/www.auktionshaus-geble.de\/en\/service\/"},{"@type":"ListItem","position":3,"name":"Kataloge"}]},{"@type":"WebSite","@id":"https:\/\/www.auktionshaus-geble.de\/#website","url":"https:\/\/www.auktionshaus-geble.de\/","name":"Auktionshaus Geble","description":"Kunst und Antiquit\u00e4ten Auktionen Auktionshaus","potentialAction":[{"@type":"SearchAction","target":{"@type":"EntryPoint","urlTemplate":"https:\/\/www.auktionshaus-geble.de\/en\/search\/{search_term}"},"query-input":{"@type":"PropertyValueSpecification","valueRequired":true,"valueName":"search_term_string"}}],"inLanguage":"en-US"}]}},"_links":{"self":[{"href":"https:\/\/www.auktionshaus-geble.de\/en\/wp-json\/wp\/v2\/pages\/7076","targetHints":{"allow":["GET"]}}],"collection":[{"href":"https:\/\/www.auktionshaus-geble.de\/en\/wp-json\/wp\/v2\/pages"}],"about":[{"href":"https:\/\/www.auktionshaus-geble.de\/en\/wp-json\/wp\/v2\/types\/page"}],"author":[{"embeddable":true,"href":"https:\/\/www.auktionshaus-geble.de\/en\/wp-json\/wp\/v2\/users\/1"}],"replies":[{"embeddable":true,"href":"https:\/\/www.auktionshaus-geble.de\/en\/wp-json\/wp\/v2\/comments?post=7076"}],"version-history":[{"count":5,"href":"https:\/\/www.auktionshaus-geble.de\/en\/wp-json\/wp\/v2\/pages\/7076\/revisions"}],"predecessor-version":[{"id":7375,"href":"https:\/\/www.auktionshaus-geble.de\/en\/wp-json\/wp\/v2\/pages\/7076\/revisions\/7375"}],"up":[{"embeddable":true,"href":"https:\/\/www.auktionshaus-geble.de\/en\/wp-json\/wp\/v2\/pages\/7057"}],"wp:attachment":[{"href":"https:\/\/www.auktionshaus-geble.de\/en\/wp-json\/wp\/v2\/media?parent=7076"}],"curies":[{"name":"wp","href":"https:\/\/api.w.org\/{rel}","templated":true}]}}